{"id":3105,"date":"2025-08-22T10:31:24","date_gmt":"2025-08-22T10:31:24","guid":{"rendered":"https:\/\/wgl-dsites.net\/verdaagro\/?page_id=3105"},"modified":"2025-11-25T10:58:18","modified_gmt":"2025-11-25T10:58:18","slug":"faq","status":"publish","type":"page","link":"https:\/\/fruitoflife.nailead.com\/fr\/faq","title":{"rendered":"Questions fr\u00e9quemment pos\u00e9es"},"content":{"rendered":"<div data-elementor-type=\"wp-page\" data-elementor-id=\"3105\" class=\"elementor elementor-3105\">\n\t\t\t\t<div class=\"elementor-element elementor-element-13c9f53 e-flex e-con-boxed e-con e-parent\" data-id=\"13c9f53\" data-element_type=\"container\">\n\t\t\t\t\t<div class=\"e-con-inner\">\n\t\t<div class=\"elementor-element elementor-element-02b2b5b e-con-full e-flex elementor-invisible e-con e-child\" data-id=\"02b2b5b\" data-element_type=\"container\" data-settings=\"{&quot;animation&quot;:&quot;wgl_fade_up&quot;}\">\n\t\t\t\t<div class=\"elementor-element elementor-element-938d9a5 aleft elementor-widget elementor-widget-wgl-double-heading\" data-id=\"938d9a5\" data-element_type=\"widget\" data-widget_type=\"wgl-double-heading.default\">\n\t\t\t\t<div class=\"elementor-widget-container\">\n\t\t\t\t\t<div class=\"wgl-double-heading\"><div class=\"dblh__subtitle\">QUESTIONS FR\u00c9QUEMMENT POS\u00c9ES<\/div><h3 class=\"dblh__title-wrapper\"><span class=\"dblh__title dblh__title-1\"><span>FAQS : l'essentiel sur Fruit of Life<\/span><\/span><\/h3><\/div>\t\t\t\t<\/div>\n\t\t\t\t<\/div>\n\t\t\t\t<\/div>\n\t\t<div class=\"elementor-element elementor-element-37f4524 e-con-full e-flex elementor-invisible e-con e-child\" data-id=\"37f4524\" data-element_type=\"container\" data-settings=\"{&quot;animation&quot;:&quot;wgl_fade&quot;}\">\n\t\t\t\t<div class=\"elementor-element elementor-element-5ba7fbf elementor-widget elementor-widget-wgl-toggle-accordion\" data-id=\"5ba7fbf\" data-element_type=\"widget\" data-widget_type=\"wgl-toggle-accordion.default\">\n\t\t\t\t<div class=\"elementor-widget-container\">\n\t\t\t\t\t<div class=\"wgl-accordion icon-custom\" id=\"wgl-accordion-5ba7fbf\" data-type=\"toggle\" data-trigger=\"click\"><div class=\"wgl-accordion_panel elementor-repeater-item-5c57317\" id=\"wgl-accordion_panel-9611\" data-default=\"yes\"><div class=\"wgl-accordion_panel-inner\"><h4 class=\"wgl-accordion_header\"><span class=\"wgl-accordion_title\">1) D'o\u00f9 viennent vos amandes ?<\/span><span class=\"wgl-accordion_icon elementor-icon\"><svg xmlns=\"http:\/\/www.w3.org\/2000\/svg\" width=\"18\" height=\"16\" viewbox=\"0 0 18 16\"><path fill-rule=\"evenodd\" clip-rule=\"evenodd\" d=\"M0 7.99999C0 7.70162 0.118527 7.41547 0.329505 7.20449C0.540484 6.99351 0.826631 6.87499 1.125 6.87499H14.1593L9.3285 2.04649C9.11726 1.83524 8.99858 1.54873 8.99858 1.24999C8.99858 0.951242 9.11726 0.664732 9.3285 0.453487C9.53974 0.242242 9.82625 0.123566 10.125 0.123566C10.4237 0.123566 10.7103 0.242242 10.9215 0.453487L17.6715 7.20349C17.7763 7.30799 17.8594 7.43213 17.9161 7.56881C17.9728 7.70549 18.002 7.85201 18.002 7.99999C18.002 8.14796 17.9728 8.29449 17.9161 8.43116C17.8594 8.56784 17.7763 8.69199 17.6715 8.79649L10.9215 15.5465C10.7103 15.7577 10.4237 15.8764 10.125 15.8764C9.82625 15.8764 9.53974 15.7577 9.3285 15.5465C9.11726 15.3352 8.99858 15.0487 8.99858 14.75C8.99858 14.4512 9.11726 14.1647 9.3285 13.9535L14.1593 9.12499H1.125C0.826631 9.12499 0.540484 9.00646 0.329505 8.79548C0.118527 8.58451 0 8.29836 0 7.99999Z\"><\/path><\/svg><\/span><\/h4><div class=\"wgl-accordion_content\"><p data-start=\"426\" data-end=\"621\">Nos amandes sont cultiv\u00e9es au c\u0153ur de l'Europe. <strong data-start=\"474\" data-end=\"496\">La Mancha (Espagne)<\/strong>dans ses propres exploitations, g\u00e9r\u00e9es dans le cadre de <strong data-start=\"533\" data-end=\"618\">agriculture biologique et biodynamique certifi\u00e9e Demeter et EU organic<\/strong>.<\/p><\/div><\/div><\/div><div class=\"wgl-accordion_panel elementor-repeater-item-2bfdc40\" id=\"wgl-accordion_panel-9612\"><div class=\"wgl-accordion_panel-inner\"><h4 class=\"wgl-accordion_header\"><span class=\"wgl-accordion_title\">2) Qu'est-ce que cela signifie que vos amandes sont Demeter ?<\/span><span class=\"wgl-accordion_icon elementor-icon\"><svg xmlns=\"http:\/\/www.w3.org\/2000\/svg\" width=\"18\" height=\"16\" viewbox=\"0 0 18 16\"><path fill-rule=\"evenodd\" clip-rule=\"evenodd\" d=\"M0 7.99999C0 7.70162 0.118527 7.41547 0.329505 7.20449C0.540484 6.99351 0.826631 6.87499 1.125 6.87499H14.1593L9.3285 2.04649C9.11726 1.83524 8.99858 1.54873 8.99858 1.24999C8.99858 0.951242 9.11726 0.664732 9.3285 0.453487C9.53974 0.242242 9.82625 0.123566 10.125 0.123566C10.4237 0.123566 10.7103 0.242242 10.9215 0.453487L17.6715 7.20349C17.7763 7.30799 17.8594 7.43213 17.9161 7.56881C17.9728 7.70549 18.002 7.85201 18.002 7.99999C18.002 8.14796 17.9728 8.29449 17.9161 8.43116C17.8594 8.56784 17.7763 8.69199 17.6715 8.79649L10.9215 15.5465C10.7103 15.7577 10.4237 15.8764 10.125 15.8764C9.82625 15.8764 9.53974 15.7577 9.3285 15.5465C9.11726 15.3352 8.99858 15.0487 8.99858 14.75C8.99858 14.4512 9.11726 14.1647 9.3285 13.9535L14.1593 9.12499H1.125C0.826631 9.12499 0.540484 9.00646 0.329505 8.79548C0.118527 8.58451 0 8.29836 0 7.99999Z\"><\/path><\/svg><\/span><\/h4><div class=\"wgl-accordion_content\"><p data-start=\"692\" data-end=\"934\">La certification <strong data-start=\"709\" data-end=\"720\">D\u00e9m\u00e9ter<\/strong> est le label le plus prestigieux de l'Union europ\u00e9enne. <strong data-start=\"752\" data-end=\"779\">agricultura ecol\u00f3gica<\/strong>. Il garantit que nous cultivons en harmonie avec la nature, en r\u00e9g\u00e9n\u00e9rant le sol, en respectant les cycles naturels et en offrant un produit pur et sain.<\/p><\/div><\/div><\/div><div class=\"wgl-accordion_panel elementor-repeater-item-94f850f\" id=\"wgl-accordion_panel-9613\"><div class=\"wgl-accordion_panel-inner\"><h4 class=\"wgl-accordion_header\"><span class=\"wgl-accordion_title\">3. vendez-vous directement ou par le biais d'interm\u00e9diaires ?<\/span><span class=\"wgl-accordion_icon elementor-icon\"><svg xmlns=\"http:\/\/www.w3.org\/2000\/svg\" width=\"18\" height=\"16\" viewbox=\"0 0 18 16\"><path fill-rule=\"evenodd\" clip-rule=\"evenodd\" d=\"M0 7.99999C0 7.70162 0.118527 7.41547 0.329505 7.20449C0.540484 6.99351 0.826631 6.87499 1.125 6.87499H14.1593L9.3285 2.04649C9.11726 1.83524 8.99858 1.54873 8.99858 1.24999C8.99858 0.951242 9.11726 0.664732 9.3285 0.453487C9.53974 0.242242 9.82625 0.123566 10.125 0.123566C10.4237 0.123566 10.7103 0.242242 10.9215 0.453487L17.6715 7.20349C17.7763 7.30799 17.8594 7.43213 17.9161 7.56881C17.9728 7.70549 18.002 7.85201 18.002 7.99999C18.002 8.14796 17.9728 8.29449 17.9161 8.43116C17.8594 8.56784 17.7763 8.69199 17.6715 8.79649L10.9215 15.5465C10.7103 15.7577 10.4237 15.8764 10.125 15.8764C9.82625 15.8764 9.53974 15.7577 9.3285 15.5465C9.11726 15.3352 8.99858 15.0487 8.99858 14.75C8.99858 14.4512 9.11726 14.1647 9.3285 13.9535L14.1593 9.12499H1.125C0.826631 9.12499 0.540484 9.00646 0.329505 8.79548C0.118527 8.58451 0 8.29836 0 7.99999Z\"><\/path><\/svg><\/span><\/h4><div class=\"wgl-accordion_content\"><p data-start=\"1006\" data-end=\"1174\">Nosotros <strong>producimos nuestras almendras y las comercializamos<\/strong>, de nuestro campo a tu mesa. As\u00ed aseguramos. As\u00ed aseguramos <strong data-start=\"1116\" data-end=\"1171\">la transparence, la tra\u00e7abilit\u00e9 compl\u00e8te et des prix \u00e9quitables<\/strong>.<\/p><\/div><\/div><\/div><div class=\"wgl-accordion_panel elementor-repeater-item-908b04b\" id=\"wgl-accordion_panel-9614\"><div class=\"wgl-accordion_panel-inner\"><h4 class=\"wgl-accordion_header\"><span class=\"wgl-accordion_title\">4) Dans quels formats puis-je acheter vos amandes ?<\/span><span class=\"wgl-accordion_icon elementor-icon\"><svg xmlns=\"http:\/\/www.w3.org\/2000\/svg\" width=\"18\" height=\"16\" viewbox=\"0 0 18 16\"><path fill-rule=\"evenodd\" clip-rule=\"evenodd\" d=\"M0 7.99999C0 7.70162 0.118527 7.41547 0.329505 7.20449C0.540484 6.99351 0.826631 6.87499 1.125 6.87499H14.1593L9.3285 2.04649C9.11726 1.83524 8.99858 1.54873 8.99858 1.24999C8.99858 0.951242 9.11726 0.664732 9.3285 0.453487C9.53974 0.242242 9.82625 0.123566 10.125 0.123566C10.4237 0.123566 10.7103 0.242242 10.9215 0.453487L17.6715 7.20349C17.7763 7.30799 17.8594 7.43213 17.9161 7.56881C17.9728 7.70549 18.002 7.85201 18.002 7.99999C18.002 8.14796 17.9728 8.29449 17.9161 8.43116C17.8594 8.56784 17.7763 8.69199 17.6715 8.79649L10.9215 15.5465C10.7103 15.7577 10.4237 15.8764 10.125 15.8764C9.82625 15.8764 9.53974 15.7577 9.3285 15.5465C9.11726 15.3352 8.99858 15.0487 8.99858 14.75C8.99858 14.4512 9.11726 14.1647 9.3285 13.9535L14.1593 9.12499H1.125C0.826631 9.12499 0.540484 9.00646 0.329505 8.79548C0.118527 8.58451 0 8.29836 0 7.99999Z\"><\/path><\/svg><\/span><\/h4><div class=\"wgl-accordion_content\"><p data-start=\"1245\" data-end=\"1284\">Nous proposons actuellement deux vari\u00e9t\u00e9s :<\/p><ul data-start=\"1285\" data-end=\"1452\"><li data-start=\"1285\" data-end=\"1322\"><p data-start=\"1287\" data-end=\"1322\"><strong data-start=\"1287\" data-end=\"1319\">Les amandes dans leur peau naturelle<\/strong>.<\/p><\/li><li data-start=\"1323\" data-end=\"1452\"><p data-start=\"1325\" data-end=\"1452\"><strong data-start=\"1325\" data-end=\"1362\">Almendra con piel tostada.<\/strong><\/p><\/li><li data-start=\"1323\" data-end=\"1452\"><strong>Almendra tostada y salada.<\/strong><\/li><li data-start=\"1323\" data-end=\"1452\"><strong>Pistacho tostado y salado.<\/strong><\/li><\/ul><\/div><\/div><\/div><div class=\"wgl-accordion_panel elementor-repeater-item-79d04d6\" id=\"wgl-accordion_panel-9615\"><div class=\"wgl-accordion_panel-inner\"><h4 class=\"wgl-accordion_header\"><span class=\"wgl-accordion_title\">5. livrez-vous \u00e0 l'\u00e9tranger ?<\/span><span class=\"wgl-accordion_icon elementor-icon\"><svg xmlns=\"http:\/\/www.w3.org\/2000\/svg\" width=\"18\" height=\"16\" viewbox=\"0 0 18 16\"><path fill-rule=\"evenodd\" clip-rule=\"evenodd\" d=\"M0 7.99999C0 7.70162 0.118527 7.41547 0.329505 7.20449C0.540484 6.99351 0.826631 6.87499 1.125 6.87499H14.1593L9.3285 2.04649C9.11726 1.83524 8.99858 1.54873 8.99858 1.24999C8.99858 0.951242 9.11726 0.664732 9.3285 0.453487C9.53974 0.242242 9.82625 0.123566 10.125 0.123566C10.4237 0.123566 10.7103 0.242242 10.9215 0.453487L17.6715 7.20349C17.7763 7.30799 17.8594 7.43213 17.9161 7.56881C17.9728 7.70549 18.002 7.85201 18.002 7.99999C18.002 8.14796 17.9728 8.29449 17.9161 8.43116C17.8594 8.56784 17.7763 8.69199 17.6715 8.79649L10.9215 15.5465C10.7103 15.7577 10.4237 15.8764 10.125 15.8764C9.82625 15.8764 9.53974 15.7577 9.3285 15.5465C9.11726 15.3352 8.99858 15.0487 8.99858 14.75C8.99858 14.4512 9.11726 14.1647 9.3285 13.9535L14.1593 9.12499H1.125C0.826631 9.12499 0.540484 9.00646 0.329505 8.79548C0.118527 8.58451 0 8.29836 0 7.99999Z\"><\/path><\/svg><\/span><\/h4><div class=\"wgl-accordion_content\"><p data-start=\"1507\" data-end=\"1713\">Oui, nous livrons dans toute l'Europe <strong data-start=\"1539\" data-end=\"1556\">Uni\u00f3n Europea.<\/strong>\u00a0Consulta nuestras <strong data-start=\"1645\" data-end=\"1669\">conditions d'envoi<\/strong> pour conna\u00eetre les horaires et les tarifs en fonction de votre pays.<\/p><\/div><\/div><\/div><div class=\"wgl-accordion_panel elementor-repeater-item-eb5f9ac\" id=\"wgl-accordion_panel-9616\"><div class=\"wgl-accordion_panel-inner\"><h4 class=\"wgl-accordion_header\"><span class=\"wgl-accordion_title\">6. quel est le d\u00e9lai de livraison ?<\/span><span class=\"wgl-accordion_icon elementor-icon\"><svg xmlns=\"http:\/\/www.w3.org\/2000\/svg\" width=\"18\" height=\"16\" viewbox=\"0 0 18 16\"><path fill-rule=\"evenodd\" clip-rule=\"evenodd\" d=\"M0 7.99999C0 7.70162 0.118527 7.41547 0.329505 7.20449C0.540484 6.99351 0.826631 6.87499 1.125 6.87499H14.1593L9.3285 2.04649C9.11726 1.83524 8.99858 1.54873 8.99858 1.24999C8.99858 0.951242 9.11726 0.664732 9.3285 0.453487C9.53974 0.242242 9.82625 0.123566 10.125 0.123566C10.4237 0.123566 10.7103 0.242242 10.9215 0.453487L17.6715 7.20349C17.7763 7.30799 17.8594 7.43213 17.9161 7.56881C17.9728 7.70549 18.002 7.85201 18.002 7.99999C18.002 8.14796 17.9728 8.29449 17.9161 8.43116C17.8594 8.56784 17.7763 8.69199 17.6715 8.79649L10.9215 15.5465C10.7103 15.7577 10.4237 15.8764 10.125 15.8764C9.82625 15.8764 9.53974 15.7577 9.3285 15.5465C9.11726 15.3352 8.99858 15.0487 8.99858 14.75C8.99858 14.4512 9.11726 14.1647 9.3285 13.9535L14.1593 9.12499H1.125C0.826631 9.12499 0.540484 9.00646 0.329505 8.79548C0.118527 8.58451 0 8.29836 0 7.99999Z\"><\/path><\/svg><\/span><\/h4><div class=\"wgl-accordion_content\"><p>Exp\u00e9ditions vers l'Espagne : entre <strong data-start=\"1786\" data-end=\"1811\">1 y 2 d\u00edas laborables<\/strong>.<br data-start=\"1812\" data-end=\"1815\" \/>Exp\u00e9ditions vers l'UE : entre <strong data-start=\"1837\" data-end=\"1862\">2 et 4 jours ouvrables<\/strong>en fonction de la destination.<\/p><\/div><\/div><\/div><div class=\"wgl-accordion_panel elementor-repeater-item-c73b24e\" id=\"wgl-accordion_panel-9617\"><div class=\"wgl-accordion_panel-inner\"><h4 class=\"wgl-accordion_header\"><span class=\"wgl-accordion_title\">7) Puis-je retourner une commande si je ne suis pas satisfait ?<\/span><span class=\"wgl-accordion_icon elementor-icon\"><svg xmlns=\"http:\/\/www.w3.org\/2000\/svg\" width=\"18\" height=\"16\" viewbox=\"0 0 18 16\"><path fill-rule=\"evenodd\" clip-rule=\"evenodd\" d=\"M0 7.99999C0 7.70162 0.118527 7.41547 0.329505 7.20449C0.540484 6.99351 0.826631 6.87499 1.125 6.87499H14.1593L9.3285 2.04649C9.11726 1.83524 8.99858 1.54873 8.99858 1.24999C8.99858 0.951242 9.11726 0.664732 9.3285 0.453487C9.53974 0.242242 9.82625 0.123566 10.125 0.123566C10.4237 0.123566 10.7103 0.242242 10.9215 0.453487L17.6715 7.20349C17.7763 7.30799 17.8594 7.43213 17.9161 7.56881C17.9728 7.70549 18.002 7.85201 18.002 7.99999C18.002 8.14796 17.9728 8.29449 17.9161 8.43116C17.8594 8.56784 17.7763 8.69199 17.6715 8.79649L10.9215 15.5465C10.7103 15.7577 10.4237 15.8764 10.125 15.8764C9.82625 15.8764 9.53974 15.7577 9.3285 15.5465C9.11726 15.3352 8.99858 15.0487 8.99858 14.75C8.99858 14.4512 9.11726 14.1647 9.3285 13.9535L14.1593 9.12499H1.125C0.826631 9.12499 0.540484 9.00646 0.329505 8.79548C0.118527 8.58451 0 8.29836 0 7.99999Z\"><\/path><\/svg><\/span><\/h4><div class=\"wgl-accordion_content\"><p data-start=\"1960\" data-end=\"2128\">Oui, nous appliquons la <strong data-start=\"1977\" data-end=\"2016\">Droit de r\u00e9tractation de 14 jours<\/strong>conform\u00e9ment \u00e0 la r\u00e9glementation de l'UE. Il vous suffit de nous contacter et nous vous indiquerons la proc\u00e9dure de retour.<\/p><\/div><\/div><\/div><div class=\"wgl-accordion_panel elementor-repeater-item-9925cb6\" id=\"wgl-accordion_panel-9618\"><div class=\"wgl-accordion_panel-inner\"><h4 class=\"wgl-accordion_header\"><span class=\"wgl-accordion_title\">8) Comment conserver les amandes ?<\/span><span class=\"wgl-accordion_icon elementor-icon\"><svg xmlns=\"http:\/\/www.w3.org\/2000\/svg\" width=\"18\" height=\"16\" viewbox=\"0 0 18 16\"><path fill-rule=\"evenodd\" clip-rule=\"evenodd\" d=\"M0 7.99999C0 7.70162 0.118527 7.41547 0.329505 7.20449C0.540484 6.99351 0.826631 6.87499 1.125 6.87499H14.1593L9.3285 2.04649C9.11726 1.83524 8.99858 1.54873 8.99858 1.24999C8.99858 0.951242 9.11726 0.664732 9.3285 0.453487C9.53974 0.242242 9.82625 0.123566 10.125 0.123566C10.4237 0.123566 10.7103 0.242242 10.9215 0.453487L17.6715 7.20349C17.7763 7.30799 17.8594 7.43213 17.9161 7.56881C17.9728 7.70549 18.002 7.85201 18.002 7.99999C18.002 8.14796 17.9728 8.29449 17.9161 8.43116C17.8594 8.56784 17.7763 8.69199 17.6715 8.79649L10.9215 15.5465C10.7103 15.7577 10.4237 15.8764 10.125 15.8764C9.82625 15.8764 9.53974 15.7577 9.3285 15.5465C9.11726 15.3352 8.99858 15.0487 8.99858 14.75C8.99858 14.4512 9.11726 14.1647 9.3285 13.9535L14.1593 9.12499H1.125C0.826631 9.12499 0.540484 9.00646 0.329505 8.79548C0.118527 8.58451 0 8.29836 0 7.99999Z\"><\/path><\/svg><\/span><\/h4><div class=\"wgl-accordion_content\"><p data-start=\"2184\" data-end=\"2389\">Nous recommandons de les conserver dans un endroit <strong data-start=\"2220\" data-end=\"2270\">frais, sec et \u00e0 l'abri de la lumi\u00e8re directe du soleil<\/strong>. Une fois l'emballage ouvert, il est pr\u00e9f\u00e9rable de les consommer dans les d\u00e9lais suivants <strong data-start=\"2340\" data-end=\"2351\">30 jours<\/strong> pour en appr\u00e9cier toute la fra\u00eecheur.<\/p><\/div><\/div><\/div><div class=\"wgl-accordion_panel elementor-repeater-item-47627a9\" id=\"wgl-accordion_panel-9619\"><div class=\"wgl-accordion_panel-inner\"><h4 class=\"wgl-accordion_header\"><span class=\"wgl-accordion_title\">9. proposez-vous des options de vente en gros ou des options professionnelles ?<\/span><span class=\"wgl-accordion_icon elementor-icon\"><svg xmlns=\"http:\/\/www.w3.org\/2000\/svg\" width=\"18\" height=\"16\" viewbox=\"0 0 18 16\"><path fill-rule=\"evenodd\" clip-rule=\"evenodd\" d=\"M0 7.99999C0 7.70162 0.118527 7.41547 0.329505 7.20449C0.540484 6.99351 0.826631 6.87499 1.125 6.87499H14.1593L9.3285 2.04649C9.11726 1.83524 8.99858 1.54873 8.99858 1.24999C8.99858 0.951242 9.11726 0.664732 9.3285 0.453487C9.53974 0.242242 9.82625 0.123566 10.125 0.123566C10.4237 0.123566 10.7103 0.242242 10.9215 0.453487L17.6715 7.20349C17.7763 7.30799 17.8594 7.43213 17.9161 7.56881C17.9728 7.70549 18.002 7.85201 18.002 7.99999C18.002 8.14796 17.9728 8.29449 17.9161 8.43116C17.8594 8.56784 17.7763 8.69199 17.6715 8.79649L10.9215 15.5465C10.7103 15.7577 10.4237 15.8764 10.125 15.8764C9.82625 15.8764 9.53974 15.7577 9.3285 15.5465C9.11726 15.3352 8.99858 15.0487 8.99858 14.75C8.99858 14.4512 9.11726 14.1647 9.3285 13.9535L14.1593 9.12499H1.125C0.826631 9.12499 0.540484 9.00646 0.329505 8.79548C0.118527 8.58451 0 8.29836 0 7.99999Z\"><\/path><\/svg><\/span><\/h4><div class=\"wgl-accordion_content\"><p data-start=\"2463\" data-end=\"2624\">Oui, nous disposons de formats et d'arrangements sp\u00e9ciaux pour <strong data-start=\"2517\" data-end=\"2575\">les distributeurs, les magasins sp\u00e9cialis\u00e9s et le secteur horeca<\/strong>. Contactez-nous et nous \u00e9tudierons votre cas.<\/p><\/div><\/div><\/div><div class=\"wgl-accordion_panel elementor-repeater-item-633a630\" id=\"wgl-accordion_panel-96110\"><div class=\"wgl-accordion_panel-inner\"><h4 class=\"wgl-accordion_header\"><span class=\"wgl-accordion_title\">10) Quelle est la diff\u00e9rence entre vos amandes et les amandes conventionnelles ?<\/span><span class=\"wgl-accordion_icon elementor-icon\"><svg xmlns=\"http:\/\/www.w3.org\/2000\/svg\" width=\"18\" height=\"16\" viewbox=\"0 0 18 16\"><path fill-rule=\"evenodd\" clip-rule=\"evenodd\" d=\"M0 7.99999C0 7.70162 0.118527 7.41547 0.329505 7.20449C0.540484 6.99351 0.826631 6.87499 1.125 6.87499H14.1593L9.3285 2.04649C9.11726 1.83524 8.99858 1.54873 8.99858 1.24999C8.99858 0.951242 9.11726 0.664732 9.3285 0.453487C9.53974 0.242242 9.82625 0.123566 10.125 0.123566C10.4237 0.123566 10.7103 0.242242 10.9215 0.453487L17.6715 7.20349C17.7763 7.30799 17.8594 7.43213 17.9161 7.56881C17.9728 7.70549 18.002 7.85201 18.002 7.99999C18.002 8.14796 17.9728 8.29449 17.9161 8.43116C17.8594 8.56784 17.7763 8.69199 17.6715 8.79649L10.9215 15.5465C10.7103 15.7577 10.4237 15.8764 10.125 15.8764C9.82625 15.8764 9.53974 15.7577 9.3285 15.5465C9.11726 15.3352 8.99858 15.0487 8.99858 14.75C8.99858 14.4512 9.11726 14.1647 9.3285 13.9535L14.1593 9.12499H1.125C0.826631 9.12499 0.540484 9.00646 0.329505 8.79548C0.118527 8.58451 0 8.29836 0 7.99999Z\"><\/path><\/svg><\/span><\/h4><div class=\"wgl-accordion_content\"><p data-start=\"2723\" data-end=\"3003\">Toda almendra Demeter es ecol\u00f3gica, pero no toda ecol\u00f3gica es Demeter. Demeter a\u00f1ade una dimensi\u00f3n m\u00e1s hol\u00edstica, regenerativa y exigente, buscando regenerar la tierra y crear un ecosistema equilibrado y din\u00e1mico. Consiguiendo un sabor que refleja el clima y la tierra de La Mancha.<\/p><\/div><\/div><\/div><\/div>\t\t\t\t<\/div>\n\t\t\t\t<\/div>\n\t\t\t\t<\/div>\n\t\t\t\t\t<\/div>\n\t\t\t\t<\/div>\n\t\t<div class=\"elementor-element elementor-element-3c14a65 e-flex e-con-boxed e-con e-parent\" data-id=\"3c14a65\" data-element_type=\"container\">\n\t\t\t\t\t<div class=\"e-con-inner\">\n\t\t<div class=\"elementor-element elementor-element-51c0e01 e-con-full e-flex e-con e-child\" data-id=\"51c0e01\" data-element_type=\"container\">\n\t\t\t\t<div class=\"elementor-element elementor-element-ff4af92 elementor-widget elementor-widget-image\" data-id=\"ff4af92\" data-element_type=\"widget\" data-widget_type=\"image.default\">\n\t\t\t\t\t\t\t\t\t\t\t\t\t\t\t<img fetchpriority=\"high\" decoding=\"async\" width=\"1024\" height=\"493\" src=\"https:\/\/fruitoflife.nailead.com\/wp-content\/uploads\/2025\/10\/demeter-logo-1024x493.png\" class=\"attachment-large size-large wp-image-5888\" alt=\"\" srcset=\"https:\/\/fruitoflife.nailead.com\/wp-content\/uploads\/2025\/10\/demeter-logo-1024x493.png 1024w, https:\/\/fruitoflife.nailead.com\/wp-content\/uploads\/2025\/10\/demeter-logo-300x144.png 300w, https:\/\/fruitoflife.nailead.com\/wp-content\/uploads\/2025\/10\/demeter-logo-768x370.png 768w, https:\/\/fruitoflife.nailead.com\/wp-content\/uploads\/2025\/10\/demeter-logo.png 1057w\" sizes=\"(max-width: 1024px) 100vw, 1024px\" \/>\t\t\t\t\t\t\t\t\t\t\t\t\t\t\t<\/div>\n\t\t\t\t<\/div>\n\t\t<div class=\"elementor-element elementor-element-74f363b e-con-full e-flex e-con e-child\" data-id=\"74f363b\" data-element_type=\"container\">\n\t\t\t\t<\/div>\n\t\t<div class=\"elementor-element elementor-element-fd05494 e-con-full e-flex e-con e-child\" data-id=\"fd05494\" data-element_type=\"container\">\n\t\t\t\t<div class=\"elementor-element elementor-element-de3c2a1 elementor-widget elementor-widget-image\" data-id=\"de3c2a1\" data-element_type=\"widget\" data-widget_type=\"image.default\">\n\t\t\t\t\t\t\t\t\t\t\t\t\t\t\t<img decoding=\"async\" width=\"300\" height=\"240\" src=\"https:\/\/fruitoflife.nailead.com\/wp-content\/uploads\/2025\/10\/logo-ecologico.png\" class=\"attachment-large size-large wp-image-5955\" alt=\"\" \/>\t\t\t\t\t\t\t\t\t\t\t\t\t\t\t<\/div>\n\t\t\t\t<\/div>\n\t\t\t\t\t<\/div>\n\t\t\t\t<\/div>\n\t\t\t\t<\/div>","protected":false},"excerpt":{"rendered":"<p>PREGUNTAS FRECUENTES FAQS: lo esencial sobre Fruit of Life 1. \u00bfDe d\u00f3nde provienen vuestras almendras? Nuestras almendras se cultivan en el coraz\u00f3n de La Mancha (Espa\u00f1a), en fincas propias gestionadas bajo agricultura ecol\u00f3gica y biodin\u00e1mica certificada Demeter y Ecol\u00f3gica UE. 2. \u00bfQu\u00e9 significa que vuestras almendras son Demeter? La certificaci\u00f3n Demeter es el sello m\u00e1s [&hellip;]<\/p>","protected":false},"author":1,"featured_media":0,"parent":0,"menu_order":0,"comment_status":"closed","ping_status":"closed","template":"","meta":{"footnotes":""},"class_list":["post-3105","page","type-page","status-publish","hentry"],"jetpack_sharing_enabled":true,"_links":{"self":[{"href":"https:\/\/fruitoflife.nailead.com\/fr\/wp-json\/wp\/v2\/pages\/3105","targetHints":{"allow":["GET"]}}],"collection":[{"href":"https:\/\/fruitoflife.nailead.com\/fr\/wp-json\/wp\/v2\/pages"}],"about":[{"href":"https:\/\/fruitoflife.nailead.com\/fr\/wp-json\/wp\/v2\/types\/page"}],"author":[{"embeddable":true,"href":"https:\/\/fruitoflife.nailead.com\/fr\/wp-json\/wp\/v2\/users\/1"}],"replies":[{"embeddable":true,"href":"https:\/\/fruitoflife.nailead.com\/fr\/wp-json\/wp\/v2\/comments?post=3105"}],"version-history":[{"count":0,"href":"https:\/\/fruitoflife.nailead.com\/fr\/wp-json\/wp\/v2\/pages\/3105\/revisions"}],"wp:attachment":[{"href":"https:\/\/fruitoflife.nailead.com\/fr\/wp-json\/wp\/v2\/media?parent=3105"}],"curies":[{"name":"wp","href":"https:\/\/api.w.org\/{rel}","templated":true}]}}