{"id":3105,"date":"2025-08-22T10:31:24","date_gmt":"2025-08-22T10:31:24","guid":{"rendered":"https:\/\/wgl-dsites.net\/verdaagro\/?page_id=3105"},"modified":"2025-11-25T10:58:18","modified_gmt":"2025-11-25T10:58:18","slug":"faq","status":"publish","type":"page","link":"https:\/\/fruitoflife.nailead.com\/de\/faq","title":{"rendered":"H\u00e4ufig gestellte Fragen"},"content":{"rendered":"<div data-elementor-type=\"wp-page\" data-elementor-id=\"3105\" class=\"elementor elementor-3105\">\n\t\t\t\t<div class=\"elementor-element elementor-element-13c9f53 e-flex e-con-boxed e-con e-parent\" data-id=\"13c9f53\" data-element_type=\"container\">\n\t\t\t\t\t<div class=\"e-con-inner\">\n\t\t<div class=\"elementor-element elementor-element-02b2b5b e-con-full e-flex elementor-invisible e-con e-child\" data-id=\"02b2b5b\" data-element_type=\"container\" data-settings=\"{&quot;animation&quot;:&quot;wgl_fade_up&quot;}\">\n\t\t\t\t<div class=\"elementor-element elementor-element-938d9a5 aleft elementor-widget elementor-widget-wgl-double-heading\" data-id=\"938d9a5\" data-element_type=\"widget\" data-widget_type=\"wgl-double-heading.default\">\n\t\t\t\t<div class=\"elementor-widget-container\">\n\t\t\t\t\t<div class=\"wgl-double-heading\"><div class=\"dblh__subtitle\">H\u00c4UFIG GESTELLTE FRAGEN<\/div><h3 class=\"dblh__title-wrapper\"><span class=\"dblh__title dblh__title-1\"><span>FAQS: das Wichtigste \u00fcber Fruit of Life<\/span><\/span><\/h3><\/div>\t\t\t\t<\/div>\n\t\t\t\t<\/div>\n\t\t\t\t<\/div>\n\t\t<div class=\"elementor-element elementor-element-37f4524 e-con-full e-flex elementor-invisible e-con e-child\" data-id=\"37f4524\" data-element_type=\"container\" data-settings=\"{&quot;animation&quot;:&quot;wgl_fade&quot;}\">\n\t\t\t\t<div class=\"elementor-element elementor-element-5ba7fbf elementor-widget elementor-widget-wgl-toggle-accordion\" data-id=\"5ba7fbf\" data-element_type=\"widget\" data-widget_type=\"wgl-toggle-accordion.default\">\n\t\t\t\t<div class=\"elementor-widget-container\">\n\t\t\t\t\t<div class=\"wgl-accordion icon-custom\" id=\"wgl-accordion-5ba7fbf\" data-type=\"toggle\" data-trigger=\"click\"><div class=\"wgl-accordion_panel elementor-repeater-item-5c57317\" id=\"wgl-accordion_panel-9611\" data-default=\"yes\"><div class=\"wgl-accordion_panel-inner\"><h4 class=\"wgl-accordion_header\"><span class=\"wgl-accordion_title\">1. woher kommen Ihre Mandeln?<\/span><span class=\"wgl-accordion_icon elementor-icon\"><svg xmlns=\"http:\/\/www.w3.org\/2000\/svg\" width=\"18\" height=\"16\" viewbox=\"0 0 18 16\"><path fill-rule=\"evenodd\" clip-rule=\"evenodd\" d=\"M0 7.99999C0 7.70162 0.118527 7.41547 0.329505 7.20449C0.540484 6.99351 0.826631 6.87499 1.125 6.87499H14.1593L9.3285 2.04649C9.11726 1.83524 8.99858 1.54873 8.99858 1.24999C8.99858 0.951242 9.11726 0.664732 9.3285 0.453487C9.53974 0.242242 9.82625 0.123566 10.125 0.123566C10.4237 0.123566 10.7103 0.242242 10.9215 0.453487L17.6715 7.20349C17.7763 7.30799 17.8594 7.43213 17.9161 7.56881C17.9728 7.70549 18.002 7.85201 18.002 7.99999C18.002 8.14796 17.9728 8.29449 17.9161 8.43116C17.8594 8.56784 17.7763 8.69199 17.6715 8.79649L10.9215 15.5465C10.7103 15.7577 10.4237 15.8764 10.125 15.8764C9.82625 15.8764 9.53974 15.7577 9.3285 15.5465C9.11726 15.3352 8.99858 15.0487 8.99858 14.75C8.99858 14.4512 9.11726 14.1647 9.3285 13.9535L14.1593 9.12499H1.125C0.826631 9.12499 0.540484 9.00646 0.329505 8.79548C0.118527 8.58451 0 8.29836 0 7.99999Z\"><\/path><\/svg><\/span><\/h4><div class=\"wgl-accordion_content\"><p data-start=\"426\" data-end=\"621\">Unsere Mandeln werden im Herzen der Region angebaut. <strong data-start=\"474\" data-end=\"496\">La Mancha (Spanien)<\/strong>in eigenen Betrieben, die unter <strong data-start=\"533\" data-end=\"618\">biologische und biodynamische Landwirtschaft, zertifiziert nach Demeter und EU-Bio<\/strong>.<\/p><\/div><\/div><\/div><div class=\"wgl-accordion_panel elementor-repeater-item-2bfdc40\" id=\"wgl-accordion_panel-9612\"><div class=\"wgl-accordion_panel-inner\"><h4 class=\"wgl-accordion_header\"><span class=\"wgl-accordion_title\">2) Was bedeutet es, dass Ihre Mandeln Demeter sind?<\/span><span class=\"wgl-accordion_icon elementor-icon\"><svg xmlns=\"http:\/\/www.w3.org\/2000\/svg\" width=\"18\" height=\"16\" viewbox=\"0 0 18 16\"><path fill-rule=\"evenodd\" clip-rule=\"evenodd\" d=\"M0 7.99999C0 7.70162 0.118527 7.41547 0.329505 7.20449C0.540484 6.99351 0.826631 6.87499 1.125 6.87499H14.1593L9.3285 2.04649C9.11726 1.83524 8.99858 1.54873 8.99858 1.24999C8.99858 0.951242 9.11726 0.664732 9.3285 0.453487C9.53974 0.242242 9.82625 0.123566 10.125 0.123566C10.4237 0.123566 10.7103 0.242242 10.9215 0.453487L17.6715 7.20349C17.7763 7.30799 17.8594 7.43213 17.9161 7.56881C17.9728 7.70549 18.002 7.85201 18.002 7.99999C18.002 8.14796 17.9728 8.29449 17.9161 8.43116C17.8594 8.56784 17.7763 8.69199 17.6715 8.79649L10.9215 15.5465C10.7103 15.7577 10.4237 15.8764 10.125 15.8764C9.82625 15.8764 9.53974 15.7577 9.3285 15.5465C9.11726 15.3352 8.99858 15.0487 8.99858 14.75C8.99858 14.4512 9.11726 14.1647 9.3285 13.9535L14.1593 9.12499H1.125C0.826631 9.12499 0.540484 9.00646 0.329505 8.79548C0.118527 8.58451 0 8.29836 0 7.99999Z\"><\/path><\/svg><\/span><\/h4><div class=\"wgl-accordion_content\"><p data-start=\"692\" data-end=\"934\">Die Zertifizierung <strong data-start=\"709\" data-end=\"720\">Demeter<\/strong> ist das renommierteste Label der <strong data-start=\"752\" data-end=\"779\">\u00f6kologischer Landbau<\/strong>. Es garantiert, dass wir im Einklang mit der Natur anbauen, den Boden regenerieren, die nat\u00fcrlichen Zyklen respektieren und ein reines und gesundes Produkt anbieten.<\/p><\/div><\/div><\/div><div class=\"wgl-accordion_panel elementor-repeater-item-94f850f\" id=\"wgl-accordion_panel-9613\"><div class=\"wgl-accordion_panel-inner\"><h4 class=\"wgl-accordion_header\"><span class=\"wgl-accordion_title\">3. verkaufen Sie direkt oder \u00fcber Vermittler?<\/span><span class=\"wgl-accordion_icon elementor-icon\"><svg xmlns=\"http:\/\/www.w3.org\/2000\/svg\" width=\"18\" height=\"16\" viewbox=\"0 0 18 16\"><path fill-rule=\"evenodd\" clip-rule=\"evenodd\" d=\"M0 7.99999C0 7.70162 0.118527 7.41547 0.329505 7.20449C0.540484 6.99351 0.826631 6.87499 1.125 6.87499H14.1593L9.3285 2.04649C9.11726 1.83524 8.99858 1.54873 8.99858 1.24999C8.99858 0.951242 9.11726 0.664732 9.3285 0.453487C9.53974 0.242242 9.82625 0.123566 10.125 0.123566C10.4237 0.123566 10.7103 0.242242 10.9215 0.453487L17.6715 7.20349C17.7763 7.30799 17.8594 7.43213 17.9161 7.56881C17.9728 7.70549 18.002 7.85201 18.002 7.99999C18.002 8.14796 17.9728 8.29449 17.9161 8.43116C17.8594 8.56784 17.7763 8.69199 17.6715 8.79649L10.9215 15.5465C10.7103 15.7577 10.4237 15.8764 10.125 15.8764C9.82625 15.8764 9.53974 15.7577 9.3285 15.5465C9.11726 15.3352 8.99858 15.0487 8.99858 14.75C8.99858 14.4512 9.11726 14.1647 9.3285 13.9535L14.1593 9.12499H1.125C0.826631 9.12499 0.540484 9.00646 0.329505 8.79548C0.118527 8.58451 0 8.29836 0 7.99999Z\"><\/path><\/svg><\/span><\/h4><div class=\"wgl-accordion_content\"><p data-start=\"1006\" data-end=\"1174\">Wir <strong>wir produzieren und vermarkten unsere eigenen Mandeln<\/strong>von unserem Feld auf Ihren Tisch. So stellen wir sicher. So stellen wir sicher <strong data-start=\"1116\" data-end=\"1171\">Transparenz, vollst\u00e4ndige R\u00fcckverfolgbarkeit und faire Preisgestaltung<\/strong>.<\/p><\/div><\/div><\/div><div class=\"wgl-accordion_panel elementor-repeater-item-908b04b\" id=\"wgl-accordion_panel-9614\"><div class=\"wgl-accordion_panel-inner\"><h4 class=\"wgl-accordion_header\"><span class=\"wgl-accordion_title\">4) In welchen Formaten kann ich Ihre Mandeln kaufen?<\/span><span class=\"wgl-accordion_icon elementor-icon\"><svg xmlns=\"http:\/\/www.w3.org\/2000\/svg\" width=\"18\" height=\"16\" viewbox=\"0 0 18 16\"><path fill-rule=\"evenodd\" clip-rule=\"evenodd\" d=\"M0 7.99999C0 7.70162 0.118527 7.41547 0.329505 7.20449C0.540484 6.99351 0.826631 6.87499 1.125 6.87499H14.1593L9.3285 2.04649C9.11726 1.83524 8.99858 1.54873 8.99858 1.24999C8.99858 0.951242 9.11726 0.664732 9.3285 0.453487C9.53974 0.242242 9.82625 0.123566 10.125 0.123566C10.4237 0.123566 10.7103 0.242242 10.9215 0.453487L17.6715 7.20349C17.7763 7.30799 17.8594 7.43213 17.9161 7.56881C17.9728 7.70549 18.002 7.85201 18.002 7.99999C18.002 8.14796 17.9728 8.29449 17.9161 8.43116C17.8594 8.56784 17.7763 8.69199 17.6715 8.79649L10.9215 15.5465C10.7103 15.7577 10.4237 15.8764 10.125 15.8764C9.82625 15.8764 9.53974 15.7577 9.3285 15.5465C9.11726 15.3352 8.99858 15.0487 8.99858 14.75C8.99858 14.4512 9.11726 14.1647 9.3285 13.9535L14.1593 9.12499H1.125C0.826631 9.12499 0.540484 9.00646 0.329505 8.79548C0.118527 8.58451 0 8.29836 0 7.99999Z\"><\/path><\/svg><\/span><\/h4><div class=\"wgl-accordion_content\"><p data-start=\"1245\" data-end=\"1284\">Wir bieten derzeit zwei Sorten an:<\/p><ul data-start=\"1285\" data-end=\"1452\"><li data-start=\"1285\" data-end=\"1322\"><p data-start=\"1287\" data-end=\"1322\"><strong data-start=\"1287\" data-end=\"1319\">Mandeln in ihrer nat\u00fcrlichen Haut<\/strong>.<\/p><\/li><li data-start=\"1323\" data-end=\"1452\"><p data-start=\"1325\" data-end=\"1452\"><strong data-start=\"1325\" data-end=\"1362\">Mandel mit ger\u00f6steter Schale.<\/strong><\/p><\/li><li data-start=\"1323\" data-end=\"1452\"><strong>Ger\u00f6stete und gesalzene Mandeln.<\/strong><\/li><li data-start=\"1323\" data-end=\"1452\"><strong>Ger\u00f6stete und gesalzene Pistazien.<\/strong><\/li><\/ul><\/div><\/div><\/div><div class=\"wgl-accordion_panel elementor-repeater-item-79d04d6\" id=\"wgl-accordion_panel-9615\"><div class=\"wgl-accordion_panel-inner\"><h4 class=\"wgl-accordion_header\"><span class=\"wgl-accordion_title\">5. versenden Sie international?<\/span><span class=\"wgl-accordion_icon elementor-icon\"><svg xmlns=\"http:\/\/www.w3.org\/2000\/svg\" width=\"18\" height=\"16\" viewbox=\"0 0 18 16\"><path fill-rule=\"evenodd\" clip-rule=\"evenodd\" d=\"M0 7.99999C0 7.70162 0.118527 7.41547 0.329505 7.20449C0.540484 6.99351 0.826631 6.87499 1.125 6.87499H14.1593L9.3285 2.04649C9.11726 1.83524 8.99858 1.54873 8.99858 1.24999C8.99858 0.951242 9.11726 0.664732 9.3285 0.453487C9.53974 0.242242 9.82625 0.123566 10.125 0.123566C10.4237 0.123566 10.7103 0.242242 10.9215 0.453487L17.6715 7.20349C17.7763 7.30799 17.8594 7.43213 17.9161 7.56881C17.9728 7.70549 18.002 7.85201 18.002 7.99999C18.002 8.14796 17.9728 8.29449 17.9161 8.43116C17.8594 8.56784 17.7763 8.69199 17.6715 8.79649L10.9215 15.5465C10.7103 15.7577 10.4237 15.8764 10.125 15.8764C9.82625 15.8764 9.53974 15.7577 9.3285 15.5465C9.11726 15.3352 8.99858 15.0487 8.99858 14.75C8.99858 14.4512 9.11726 14.1647 9.3285 13.9535L14.1593 9.12499H1.125C0.826631 9.12499 0.540484 9.00646 0.329505 8.79548C0.118527 8.58451 0 8.29836 0 7.99999Z\"><\/path><\/svg><\/span><\/h4><div class=\"wgl-accordion_content\"><p data-start=\"1507\" data-end=\"1713\">Ja, wir liefern in alle L\u00e4nder der <strong data-start=\"1539\" data-end=\"1556\">Europ\u00e4ische Union.<\/strong>\u00a0Konsultieren Sie unser <strong data-start=\"1645\" data-end=\"1669\">Versandbedingungen und -modalit\u00e4ten<\/strong> um die Zeiten und Tarife f\u00fcr Ihr Land zu sehen.<\/p><\/div><\/div><\/div><div class=\"wgl-accordion_panel elementor-repeater-item-eb5f9ac\" id=\"wgl-accordion_panel-9616\"><div class=\"wgl-accordion_panel-inner\"><h4 class=\"wgl-accordion_header\"><span class=\"wgl-accordion_title\">6. wie lange ist die Lieferfrist?<\/span><span class=\"wgl-accordion_icon elementor-icon\"><svg xmlns=\"http:\/\/www.w3.org\/2000\/svg\" width=\"18\" height=\"16\" viewbox=\"0 0 18 16\"><path fill-rule=\"evenodd\" clip-rule=\"evenodd\" d=\"M0 7.99999C0 7.70162 0.118527 7.41547 0.329505 7.20449C0.540484 6.99351 0.826631 6.87499 1.125 6.87499H14.1593L9.3285 2.04649C9.11726 1.83524 8.99858 1.54873 8.99858 1.24999C8.99858 0.951242 9.11726 0.664732 9.3285 0.453487C9.53974 0.242242 9.82625 0.123566 10.125 0.123566C10.4237 0.123566 10.7103 0.242242 10.9215 0.453487L17.6715 7.20349C17.7763 7.30799 17.8594 7.43213 17.9161 7.56881C17.9728 7.70549 18.002 7.85201 18.002 7.99999C18.002 8.14796 17.9728 8.29449 17.9161 8.43116C17.8594 8.56784 17.7763 8.69199 17.6715 8.79649L10.9215 15.5465C10.7103 15.7577 10.4237 15.8764 10.125 15.8764C9.82625 15.8764 9.53974 15.7577 9.3285 15.5465C9.11726 15.3352 8.99858 15.0487 8.99858 14.75C8.99858 14.4512 9.11726 14.1647 9.3285 13.9535L14.1593 9.12499H1.125C0.826631 9.12499 0.540484 9.00646 0.329505 8.79548C0.118527 8.58451 0 8.29836 0 7.99999Z\"><\/path><\/svg><\/span><\/h4><div class=\"wgl-accordion_content\"><p>Verbringungen nach Spanien: zwischen <strong data-start=\"1786\" data-end=\"1811\">1 und 2 Arbeitstage<\/strong>.<br data-start=\"1812\" data-end=\"1815\" \/>Verbringungen in die EU: zwischen <strong data-start=\"1837\" data-end=\"1862\">2 und 4 Arbeitstage<\/strong>je nach Zielort.<\/p><\/div><\/div><\/div><div class=\"wgl-accordion_panel elementor-repeater-item-c73b24e\" id=\"wgl-accordion_panel-9617\"><div class=\"wgl-accordion_panel-inner\"><h4 class=\"wgl-accordion_header\"><span class=\"wgl-accordion_title\">7. kann ich eine Bestellung zur\u00fcckgeben, wenn ich nicht zufrieden bin?<\/span><span class=\"wgl-accordion_icon elementor-icon\"><svg xmlns=\"http:\/\/www.w3.org\/2000\/svg\" width=\"18\" height=\"16\" viewbox=\"0 0 18 16\"><path fill-rule=\"evenodd\" clip-rule=\"evenodd\" d=\"M0 7.99999C0 7.70162 0.118527 7.41547 0.329505 7.20449C0.540484 6.99351 0.826631 6.87499 1.125 6.87499H14.1593L9.3285 2.04649C9.11726 1.83524 8.99858 1.54873 8.99858 1.24999C8.99858 0.951242 9.11726 0.664732 9.3285 0.453487C9.53974 0.242242 9.82625 0.123566 10.125 0.123566C10.4237 0.123566 10.7103 0.242242 10.9215 0.453487L17.6715 7.20349C17.7763 7.30799 17.8594 7.43213 17.9161 7.56881C17.9728 7.70549 18.002 7.85201 18.002 7.99999C18.002 8.14796 17.9728 8.29449 17.9161 8.43116C17.8594 8.56784 17.7763 8.69199 17.6715 8.79649L10.9215 15.5465C10.7103 15.7577 10.4237 15.8764 10.125 15.8764C9.82625 15.8764 9.53974 15.7577 9.3285 15.5465C9.11726 15.3352 8.99858 15.0487 8.99858 14.75C8.99858 14.4512 9.11726 14.1647 9.3285 13.9535L14.1593 9.12499H1.125C0.826631 9.12499 0.540484 9.00646 0.329505 8.79548C0.118527 8.58451 0 8.29836 0 7.99999Z\"><\/path><\/svg><\/span><\/h4><div class=\"wgl-accordion_content\"><p data-start=\"1960\" data-end=\"2128\">Ja, wir wenden die <strong data-start=\"1977\" data-end=\"2016\">14-t\u00e4giges Widerrufsrecht<\/strong>gem\u00e4\u00df den EU-Vorschriften. Nehmen Sie einfach Kontakt mit uns auf und wir teilen Ihnen das R\u00fcckgabeverfahren mit.<\/p><\/div><\/div><\/div><div class=\"wgl-accordion_panel elementor-repeater-item-9925cb6\" id=\"wgl-accordion_panel-9618\"><div class=\"wgl-accordion_panel-inner\"><h4 class=\"wgl-accordion_header\"><span class=\"wgl-accordion_title\">8. wie sollte ich Mandeln aufbewahren?<\/span><span class=\"wgl-accordion_icon elementor-icon\"><svg xmlns=\"http:\/\/www.w3.org\/2000\/svg\" width=\"18\" height=\"16\" viewbox=\"0 0 18 16\"><path fill-rule=\"evenodd\" clip-rule=\"evenodd\" d=\"M0 7.99999C0 7.70162 0.118527 7.41547 0.329505 7.20449C0.540484 6.99351 0.826631 6.87499 1.125 6.87499H14.1593L9.3285 2.04649C9.11726 1.83524 8.99858 1.54873 8.99858 1.24999C8.99858 0.951242 9.11726 0.664732 9.3285 0.453487C9.53974 0.242242 9.82625 0.123566 10.125 0.123566C10.4237 0.123566 10.7103 0.242242 10.9215 0.453487L17.6715 7.20349C17.7763 7.30799 17.8594 7.43213 17.9161 7.56881C17.9728 7.70549 18.002 7.85201 18.002 7.99999C18.002 8.14796 17.9728 8.29449 17.9161 8.43116C17.8594 8.56784 17.7763 8.69199 17.6715 8.79649L10.9215 15.5465C10.7103 15.7577 10.4237 15.8764 10.125 15.8764C9.82625 15.8764 9.53974 15.7577 9.3285 15.5465C9.11726 15.3352 8.99858 15.0487 8.99858 14.75C8.99858 14.4512 9.11726 14.1647 9.3285 13.9535L14.1593 9.12499H1.125C0.826631 9.12499 0.540484 9.00646 0.329505 8.79548C0.118527 8.58451 0 8.29836 0 7.99999Z\"><\/path><\/svg><\/span><\/h4><div class=\"wgl-accordion_content\"><p data-start=\"2184\" data-end=\"2389\">Wir empfehlen, sie an einem Ort aufzubewahren <strong data-start=\"2220\" data-end=\"2270\">k\u00fchl, trocken und vor direkter Sonneneinstrahlung gesch\u00fctzt<\/strong>. Nach dem \u00d6ffnen der Packung ist es besser, sie innerhalb eines Zeitraums von <strong data-start=\"2340\" data-end=\"2351\">30 Tage<\/strong> um seine ganze Frische zu genie\u00dfen.<\/p><\/div><\/div><\/div><div class=\"wgl-accordion_panel elementor-repeater-item-47627a9\" id=\"wgl-accordion_panel-9619\"><div class=\"wgl-accordion_panel-inner\"><h4 class=\"wgl-accordion_header\"><span class=\"wgl-accordion_title\">9 Bieten Sie Gro\u00dfhandels- oder professionelle Optionen an?<\/span><span class=\"wgl-accordion_icon elementor-icon\"><svg xmlns=\"http:\/\/www.w3.org\/2000\/svg\" width=\"18\" height=\"16\" viewbox=\"0 0 18 16\"><path fill-rule=\"evenodd\" clip-rule=\"evenodd\" d=\"M0 7.99999C0 7.70162 0.118527 7.41547 0.329505 7.20449C0.540484 6.99351 0.826631 6.87499 1.125 6.87499H14.1593L9.3285 2.04649C9.11726 1.83524 8.99858 1.54873 8.99858 1.24999C8.99858 0.951242 9.11726 0.664732 9.3285 0.453487C9.53974 0.242242 9.82625 0.123566 10.125 0.123566C10.4237 0.123566 10.7103 0.242242 10.9215 0.453487L17.6715 7.20349C17.7763 7.30799 17.8594 7.43213 17.9161 7.56881C17.9728 7.70549 18.002 7.85201 18.002 7.99999C18.002 8.14796 17.9728 8.29449 17.9161 8.43116C17.8594 8.56784 17.7763 8.69199 17.6715 8.79649L10.9215 15.5465C10.7103 15.7577 10.4237 15.8764 10.125 15.8764C9.82625 15.8764 9.53974 15.7577 9.3285 15.5465C9.11726 15.3352 8.99858 15.0487 8.99858 14.75C8.99858 14.4512 9.11726 14.1647 9.3285 13.9535L14.1593 9.12499H1.125C0.826631 9.12499 0.540484 9.00646 0.329505 8.79548C0.118527 8.58451 0 8.29836 0 7.99999Z\"><\/path><\/svg><\/span><\/h4><div class=\"wgl-accordion_content\"><p data-start=\"2463\" data-end=\"2624\">Ja, wir haben spezielle Formate und Arrangements f\u00fcr <strong data-start=\"2517\" data-end=\"2575\">Vertriebsh\u00e4ndler, Fachgesch\u00e4fte und der Horeca-Sektor<\/strong>. Kontaktieren Sie uns und wir werden Ihren Fall pr\u00fcfen.<\/p><\/div><\/div><\/div><div class=\"wgl-accordion_panel elementor-repeater-item-633a630\" id=\"wgl-accordion_panel-96110\"><div class=\"wgl-accordion_panel-inner\"><h4 class=\"wgl-accordion_header\"><span class=\"wgl-accordion_title\">10. was ist der Unterschied zwischen Ihren Mandeln und herk\u00f6mmlichen Mandeln?<\/span><span class=\"wgl-accordion_icon elementor-icon\"><svg xmlns=\"http:\/\/www.w3.org\/2000\/svg\" width=\"18\" height=\"16\" viewbox=\"0 0 18 16\"><path fill-rule=\"evenodd\" clip-rule=\"evenodd\" d=\"M0 7.99999C0 7.70162 0.118527 7.41547 0.329505 7.20449C0.540484 6.99351 0.826631 6.87499 1.125 6.87499H14.1593L9.3285 2.04649C9.11726 1.83524 8.99858 1.54873 8.99858 1.24999C8.99858 0.951242 9.11726 0.664732 9.3285 0.453487C9.53974 0.242242 9.82625 0.123566 10.125 0.123566C10.4237 0.123566 10.7103 0.242242 10.9215 0.453487L17.6715 7.20349C17.7763 7.30799 17.8594 7.43213 17.9161 7.56881C17.9728 7.70549 18.002 7.85201 18.002 7.99999C18.002 8.14796 17.9728 8.29449 17.9161 8.43116C17.8594 8.56784 17.7763 8.69199 17.6715 8.79649L10.9215 15.5465C10.7103 15.7577 10.4237 15.8764 10.125 15.8764C9.82625 15.8764 9.53974 15.7577 9.3285 15.5465C9.11726 15.3352 8.99858 15.0487 8.99858 14.75C8.99858 14.4512 9.11726 14.1647 9.3285 13.9535L14.1593 9.12499H1.125C0.826631 9.12499 0.540484 9.00646 0.329505 8.79548C0.118527 8.58451 0 8.29836 0 7.99999Z\"><\/path><\/svg><\/span><\/h4><div class=\"wgl-accordion_content\"><p data-start=\"2723\" data-end=\"3003\">Jede Demeter-Mandel ist Bio, aber nicht jede Bio-Mandel ist Demeter. Demeter f\u00fcgt eine ganzheitliche, regenerative und anspruchsvolle Dimension hinzu, die darauf abzielt, den Boden zu regenerieren und ein ausgewogenes und dynamisches \u00d6kosystem zu schaffen. So entsteht ein Geschmack, der das Klima und die B\u00f6den in La Mancha widerspiegelt.<\/p><\/div><\/div><\/div><\/div>\t\t\t\t<\/div>\n\t\t\t\t<\/div>\n\t\t\t\t<\/div>\n\t\t\t\t\t<\/div>\n\t\t\t\t<\/div>\n\t\t<div class=\"elementor-element elementor-element-3c14a65 e-flex e-con-boxed e-con e-parent\" data-id=\"3c14a65\" data-element_type=\"container\">\n\t\t\t\t\t<div class=\"e-con-inner\">\n\t\t<div class=\"elementor-element elementor-element-51c0e01 e-con-full e-flex e-con e-child\" data-id=\"51c0e01\" data-element_type=\"container\">\n\t\t\t\t<div class=\"elementor-element elementor-element-ff4af92 elementor-widget elementor-widget-image\" data-id=\"ff4af92\" data-element_type=\"widget\" data-widget_type=\"image.default\">\n\t\t\t\t\t\t\t\t\t\t\t\t\t\t\t<img fetchpriority=\"high\" decoding=\"async\" width=\"1024\" height=\"493\" src=\"https:\/\/fruitoflife.nailead.com\/wp-content\/uploads\/2025\/10\/demeter-logo-1024x493.png\" class=\"attachment-large size-large wp-image-5888\" alt=\"\" srcset=\"https:\/\/fruitoflife.nailead.com\/wp-content\/uploads\/2025\/10\/demeter-logo-1024x493.png 1024w, https:\/\/fruitoflife.nailead.com\/wp-content\/uploads\/2025\/10\/demeter-logo-300x144.png 300w, https:\/\/fruitoflife.nailead.com\/wp-content\/uploads\/2025\/10\/demeter-logo-768x370.png 768w, https:\/\/fruitoflife.nailead.com\/wp-content\/uploads\/2025\/10\/demeter-logo.png 1057w\" sizes=\"(max-width: 1024px) 100vw, 1024px\" \/>\t\t\t\t\t\t\t\t\t\t\t\t\t\t\t<\/div>\n\t\t\t\t<\/div>\n\t\t<div class=\"elementor-element elementor-element-74f363b e-con-full e-flex e-con e-child\" data-id=\"74f363b\" data-element_type=\"container\">\n\t\t\t\t<\/div>\n\t\t<div class=\"elementor-element elementor-element-fd05494 e-con-full e-flex e-con e-child\" data-id=\"fd05494\" data-element_type=\"container\">\n\t\t\t\t<div class=\"elementor-element elementor-element-de3c2a1 elementor-widget elementor-widget-image\" data-id=\"de3c2a1\" data-element_type=\"widget\" data-widget_type=\"image.default\">\n\t\t\t\t\t\t\t\t\t\t\t\t\t\t\t<img decoding=\"async\" width=\"300\" height=\"240\" src=\"https:\/\/fruitoflife.nailead.com\/wp-content\/uploads\/2025\/10\/logo-ecologico.png\" class=\"attachment-large size-large wp-image-5955\" alt=\"\" \/>\t\t\t\t\t\t\t\t\t\t\t\t\t\t\t<\/div>\n\t\t\t\t<\/div>\n\t\t\t\t\t<\/div>\n\t\t\t\t<\/div>\n\t\t\t\t<\/div>","protected":false},"excerpt":{"rendered":"<p>PREGUNTAS FRECUENTES FAQS: lo esencial sobre Fruit of Life 1. \u00bfDe d\u00f3nde provienen vuestras almendras? Nuestras almendras se cultivan en el coraz\u00f3n de La Mancha (Espa\u00f1a), en fincas propias gestionadas bajo agricultura ecol\u00f3gica y biodin\u00e1mica certificada Demeter y Ecol\u00f3gica UE. 2. \u00bfQu\u00e9 significa que vuestras almendras son Demeter? La certificaci\u00f3n Demeter es el sello m\u00e1s [&hellip;]<\/p>","protected":false},"author":1,"featured_media":0,"parent":0,"menu_order":0,"comment_status":"closed","ping_status":"closed","template":"","meta":{"footnotes":""},"class_list":["post-3105","page","type-page","status-publish","hentry"],"jetpack_sharing_enabled":true,"_links":{"self":[{"href":"https:\/\/fruitoflife.nailead.com\/de\/wp-json\/wp\/v2\/pages\/3105","targetHints":{"allow":["GET"]}}],"collection":[{"href":"https:\/\/fruitoflife.nailead.com\/de\/wp-json\/wp\/v2\/pages"}],"about":[{"href":"https:\/\/fruitoflife.nailead.com\/de\/wp-json\/wp\/v2\/types\/page"}],"author":[{"embeddable":true,"href":"https:\/\/fruitoflife.nailead.com\/de\/wp-json\/wp\/v2\/users\/1"}],"replies":[{"embeddable":true,"href":"https:\/\/fruitoflife.nailead.com\/de\/wp-json\/wp\/v2\/comments?post=3105"}],"version-history":[{"count":0,"href":"https:\/\/fruitoflife.nailead.com\/de\/wp-json\/wp\/v2\/pages\/3105\/revisions"}],"wp:attachment":[{"href":"https:\/\/fruitoflife.nailead.com\/de\/wp-json\/wp\/v2\/media?parent=3105"}],"curies":[{"name":"wp","href":"https:\/\/api.w.org\/{rel}","templated":true}]}}